{"id":488,"date":"2026-04-07T11:37:16","date_gmt":"2026-04-07T09:37:16","guid":{"rendered":"https:\/\/thedzfactory.com\/?page_id=488"},"modified":"2026-04-07T12:11:39","modified_gmt":"2026-04-07T10:11:39","slug":"politique-de-confidentialite-2","status":"publish","type":"page","link":"https:\/\/thedzfactory.com\/en\/politique-de-confidentialite-2\/","title":{"rendered":"Politique de confidentialit\u00e9"},"content":{"rendered":"<div data-elementor-type=\"wp-page\" data-elementor-id=\"488\" class=\"elementor elementor-488\">\n\t\t\t\t<div class=\"elementor-element elementor-element-a4177bf e-flex e-con-boxed e-con e-parent\" data-id=\"a4177bf\" data-element_type=\"container\" data-e-type=\"container\" data-settings=\"{&quot;background_background&quot;:&quot;classic&quot;}\">\n\t\t\t\t\t<div class=\"e-con-inner\">\n\t\t<div class=\"elementor-element elementor-element-29bd47b e-con-full e-flex e-con e-child\" data-id=\"29bd47b\" data-element_type=\"container\" data-e-type=\"container\">\n\t\t\t\t<div class=\"elementor-element elementor-element-18095e2 elementor-widget elementor-widget-heading\" data-id=\"18095e2\" data-element_type=\"widget\" data-e-type=\"widget\" data-widget_type=\"heading.default\">\n\t\t\t\t\t<h1 class=\"elementor-heading-title elementor-size-default\">Politique de confidentialit\u00e9<\/h1>\t\t\t\t<\/div>\n\t\t\t\t<div class=\"elementor-element elementor-element-a1849e0 elementor-widget-divider--view-line elementor-widget elementor-widget-divider\" data-id=\"a1849e0\" data-element_type=\"widget\" data-e-type=\"widget\" data-widget_type=\"divider.default\">\n\t\t\t\t\t\t\t<div class=\"elementor-divider\">\n\t\t\t<span class=\"elementor-divider-separator\">\n\t\t\t\t\t\t<\/span>\n\t\t<\/div>\n\t\t\t\t\t\t<\/div>\n\t\t\t\t<\/div>\n\t\t\t\t\t<\/div>\n\t\t\t\t<\/div>\n\t\t<div class=\"elementor-element elementor-element-9404665 e-flex e-con-boxed e-con e-parent\" data-id=\"9404665\" data-element_type=\"container\" data-e-type=\"container\">\n\t\t\t\t\t<div class=\"e-con-inner\">\n\t\t\t\t<div class=\"elementor-element elementor-element-3745fb5 elementor-widget elementor-widget-heading\" data-id=\"3745fb5\" data-element_type=\"widget\" data-e-type=\"widget\" data-widget_type=\"heading.default\">\n\t\t\t\t\t<h2 class=\"elementor-heading-title elementor-size-default\">1. Introduction<\/h2>\t\t\t\t<\/div>\n\t\t\t\t<div class=\"elementor-element elementor-element-9a2c629 elementor-widget elementor-widget-text-editor\" data-id=\"9a2c629\" data-element_type=\"widget\" data-e-type=\"widget\" data-widget_type=\"text-editor.default\">\n\t\t\t\t\t\t\t\t\t<p data-start=\"255\" data-end=\"462\">La pr\u00e9sente politique de confidentialit\u00e9 a pour objectif d\u2019informer les utilisateurs du site <a class=\"decorated-link\" href=\"https:\/\/thedzfactory.com\/en\/\" target=\"_new\" rel=\"noopener\" data-start=\"429\" data-end=\"453\">https:\/\/thedzfactory.com<\/a> sur la mani\u00e8re dont leurs donn\u00e9es personnelles sont collect\u00e9es, utilis\u00e9es et prot\u00e9g\u00e9es.<\/p><p data-start=\"464\" data-end=\"588\">THE DZ FACTORY s\u2019engage \u00e0 respecter la r\u00e9glementation en vigueur, notamment le <a href=\"https:\/\/www.economie.gouv.fr\/entreprises\/gerer-son-entreprise-au-quotidien\/assurer-sa-cybersecurite-et-la-protection-de-ses\/le\" target=\"_blank\" rel=\"noopener\"><span class=\"hover:entity-accent entity-underline inline cursor-pointer align-baseline\"><span class=\"whitespace-normal\">R\u00e8glement G\u00e9n\u00e9ral sur la Protection des Donn\u00e9es<\/span><\/span><\/a> (RGPD).<\/p>\t\t\t\t\t\t\t\t<\/div>\n\t\t\t\t<div class=\"elementor-element elementor-element-7a4be5b elementor-widget elementor-widget-heading\" data-id=\"7a4be5b\" data-element_type=\"widget\" data-e-type=\"widget\" data-widget_type=\"heading.default\">\n\t\t\t\t\t<h2 class=\"elementor-heading-title elementor-size-default\">2. Responsable du traitement<\/h2>\t\t\t\t<\/div>\n\t\t\t\t<div class=\"elementor-element elementor-element-ea6bc36 elementor-widget elementor-widget-text-editor\" data-id=\"ea6bc36\" data-element_type=\"widget\" data-e-type=\"widget\" data-widget_type=\"text-editor.default\">\n\t\t\t\t\t\t\t\t\t<p data-start=\"679\" data-end=\"754\"><strong data-start=\"679\" data-end=\"697\">THE DZ FACTORY<\/strong><br data-start=\"697\" data-end=\"700\" \/>SASU<br data-start=\"704\" data-end=\"707\" \/>40 rue Alexandre Dumas<br data-start=\"729\" data-end=\"732\" \/>75011 Paris \u2013 France<\/p><p data-start=\"756\" data-end=\"781\">Email : <a href=\"mailto:contact@thedzfactory.com\">contact@thedzfactory.com<\/a><\/p>\t\t\t\t\t\t\t\t<\/div>\n\t\t\t\t<div class=\"elementor-element elementor-element-632fc55 elementor-widget elementor-widget-heading\" data-id=\"632fc55\" data-element_type=\"widget\" data-e-type=\"widget\" data-widget_type=\"heading.default\">\n\t\t\t\t\t<h2 class=\"elementor-heading-title elementor-size-default\">3. Donn\u00e9es collect\u00e9es<\/h2>\t\t\t\t<\/div>\n\t\t\t\t<div class=\"elementor-element elementor-element-17890c8 elementor-widget elementor-widget-text-editor\" data-id=\"17890c8\" data-element_type=\"widget\" data-e-type=\"widget\" data-widget_type=\"text-editor.default\">\n\t\t\t\t\t\t\t\t\t<p data-start=\"806\" data-end=\"852\">Les donn\u00e9es susceptibles d\u2019\u00eatre collect\u00e9es :<\/p><ul data-start=\"854\" data-end=\"1037\"><li data-section-id=\"xq2hqq\" data-start=\"854\" data-end=\"871\">Nom et pr\u00e9nom<\/li><li data-section-id=\"14i9cz7\" data-start=\"872\" data-end=\"889\">Adresse email<\/li><li data-section-id=\"16m1jw9\" data-start=\"890\" data-end=\"929\">Num\u00e9ro de t\u00e9l\u00e9phone (si applicable)<\/li><li data-section-id=\"zkhx5n\" data-start=\"930\" data-end=\"962\">Contenu des messages envoy\u00e9s<\/li><li data-section-id=\"kp8e4n\" data-start=\"963\" data-end=\"1037\">Donn\u00e9es de navigation (adresse IP, pages consult\u00e9es, dur\u00e9e de visite\u2026)<\/li><\/ul>\t\t\t\t\t\t\t\t<\/div>\n\t\t\t\t<div class=\"elementor-element elementor-element-d321cb8 elementor-widget elementor-widget-heading\" data-id=\"d321cb8\" data-element_type=\"widget\" data-e-type=\"widget\" data-widget_type=\"heading.default\">\n\t\t\t\t\t<h2 class=\"elementor-heading-title elementor-size-default\">4. Finalit\u00e9s de la collecte<\/h2>\t\t\t\t<\/div>\n\t\t\t\t<div class=\"elementor-element elementor-element-e02c4e5 elementor-widget elementor-widget-text-editor\" data-id=\"e02c4e5\" data-element_type=\"widget\" data-e-type=\"widget\" data-widget_type=\"text-editor.default\">\n\t\t\t\t\t\t\t\t\t<p data-start=\"1062\" data-end=\"1097\">Les donn\u00e9es sont utilis\u00e9es pour :<\/p><ul data-start=\"1099\" data-end=\"1201\"><li data-section-id=\"17h4jvw\" data-start=\"1099\" data-end=\"1124\">R\u00e9pondre aux demandes<\/li><li data-section-id=\"r5cmtc\" data-start=\"1125\" data-end=\"1146\">Am\u00e9liorer le site<\/li><li data-section-id=\"49jn0i\" data-start=\"1147\" data-end=\"1169\">Mesurer l\u2019audience<\/li><li data-section-id=\"gsc0pw\" data-start=\"1170\" data-end=\"1201\">Assurer la s\u00e9curit\u00e9 du site<\/li><\/ul>\t\t\t\t\t\t\t\t<\/div>\n\t\t\t\t<div class=\"elementor-element elementor-element-0fab2b8 elementor-widget elementor-widget-heading\" data-id=\"0fab2b8\" data-element_type=\"widget\" data-e-type=\"widget\" data-widget_type=\"heading.default\">\n\t\t\t\t\t<h2 class=\"elementor-heading-title elementor-size-default\">5. Base l\u00e9gale<\/h2>\t\t\t\t<\/div>\n\t\t\t\t<div class=\"elementor-element elementor-element-b5fb706 elementor-widget elementor-widget-text-editor\" data-id=\"b5fb706\" data-element_type=\"widget\" data-e-type=\"widget\" data-widget_type=\"text-editor.default\">\n\t\t\t\t\t\t\t\t\t<p data-start=\"1228\" data-end=\"1260\">Les traitements reposent sur :<\/p><ul data-start=\"1262\" data-end=\"1349\"><li data-section-id=\"p20fea\" data-start=\"1262\" data-end=\"1303\">Le consentement (cookies, formulaire)<\/li><li data-section-id=\"1anmgum\" data-start=\"1304\" data-end=\"1349\">L\u2019int\u00e9r\u00eat l\u00e9gitime (am\u00e9lioration du site)<\/li><\/ul>\t\t\t\t\t\t\t\t<\/div>\n\t\t\t\t<div class=\"elementor-element elementor-element-2ee866f elementor-widget elementor-widget-heading\" data-id=\"2ee866f\" data-element_type=\"widget\" data-e-type=\"widget\" data-widget_type=\"heading.default\">\n\t\t\t\t\t<h2 class=\"elementor-heading-title elementor-size-default\">6. Google Analytics<\/h2>\t\t\t\t<\/div>\n\t\t\t\t<div class=\"elementor-element elementor-element-2731892 elementor-widget elementor-widget-text-editor\" data-id=\"2731892\" data-element_type=\"widget\" data-e-type=\"widget\" data-widget_type=\"text-editor.default\">\n\t\t\t\t\t\t\t\t\t<p data-start=\"1381\" data-end=\"1508\">Le site utilise <span class=\"hover:entity-accent entity-underline inline cursor-pointer align-baseline\"><span class=\"whitespace-normal\">Google Analytics<\/span><\/span>, un service d\u2019analyse fourni par <span class=\"hover:entity-accent entity-underline inline cursor-pointer align-baseline\"><span class=\"whitespace-normal\">Google LLC<\/span><\/span>.<\/p><p data-start=\"1510\" data-end=\"1592\">Cet outil permet d\u2019analyser la fr\u00e9quentation du site et d\u2019am\u00e9liorer son contenu.<\/p><p data-start=\"1594\" data-end=\"1636\">Les donn\u00e9es collect\u00e9es peuvent inclure :<\/p><ul data-start=\"1637\" data-end=\"1745\"><li data-section-id=\"k1cp6z\" data-start=\"1637\" data-end=\"1664\">Adresse IP (anonymis\u00e9e)<\/li><li data-section-id=\"88e5xi\" data-start=\"1665\" data-end=\"1683\">Pages visit\u00e9es<\/li><li data-section-id=\"1pl8xh5\" data-start=\"1684\" data-end=\"1711\">Temps pass\u00e9 sur le site<\/li><li data-section-id=\"1ag6yfi\" data-start=\"1712\" data-end=\"1745\">Type d\u2019appareil et navigateur<br \/><br \/><\/li><\/ul><p data-start=\"1747\" data-end=\"1838\">Ces donn\u00e9es peuvent \u00eatre transf\u00e9r\u00e9es vers des serveurs situ\u00e9s hors de l\u2019Union europ\u00e9enne.<\/p><p data-start=\"1840\" data-end=\"1926\">Google s\u2019engage \u00e0 respecter les m\u00e9canismes l\u00e9gaux en vigueur pour ces transferts.<\/p><p data-start=\"1928\" data-end=\"1996\">L\u2019utilisateur peut refuser l\u2019utilisation de Google Analytics via :<\/p><ul data-start=\"1997\" data-end=\"2056\"><li data-section-id=\"5j8vta\" data-start=\"1997\" data-end=\"2019\">le bandeau cookies<\/li><li data-section-id=\"o3uopi\" data-start=\"2020\" data-end=\"2056\">les param\u00e8tres de son navigateur<\/li><\/ul>\t\t\t\t\t\t\t\t<\/div>\n\t\t\t\t<div class=\"elementor-element elementor-element-470aa02 elementor-widget elementor-widget-heading\" data-id=\"470aa02\" data-element_type=\"widget\" data-e-type=\"widget\" data-widget_type=\"heading.default\">\n\t\t\t\t\t<h2 class=\"elementor-heading-title elementor-size-default\">7. Dur\u00e9e de conservation<\/h2>\t\t\t\t<\/div>\n\t\t\t\t<div class=\"elementor-element elementor-element-a129f55 elementor-widget elementor-widget-text-editor\" data-id=\"a129f55\" data-element_type=\"widget\" data-e-type=\"widget\" data-widget_type=\"text-editor.default\">\n\t\t\t\t\t\t\t\t\t<ul><li data-section-id=\"f4kg6e\" data-start=\"2093\" data-end=\"2122\">Donn\u00e9es prospects : 3 ans<\/li><li data-section-id=\"1m93xkv\" data-start=\"2123\" data-end=\"2144\">Cookies : 13 mois<\/li><\/ul>\t\t\t\t\t\t\t\t<\/div>\n\t\t\t\t<div class=\"elementor-element elementor-element-c39b046 elementor-widget elementor-widget-heading\" data-id=\"c39b046\" data-element_type=\"widget\" data-e-type=\"widget\" data-widget_type=\"heading.default\">\n\t\t\t\t\t<h2 class=\"elementor-heading-title elementor-size-default\">8. Destinataires<\/h2>\t\t\t\t<\/div>\n\t\t\t\t<div class=\"elementor-element elementor-element-75d4520 elementor-widget elementor-widget-text-editor\" data-id=\"75d4520\" data-element_type=\"widget\" data-e-type=\"widget\" data-widget_type=\"text-editor.default\">\n\t\t\t\t\t\t\t\t\t<p data-start=\"2173\" data-end=\"2249\">Les donn\u00e9es sont destin\u00e9es \u00e0 THE DZ FACTORY et peuvent \u00eatre trait\u00e9es par :<\/p><ul data-start=\"2251\" data-end=\"2360\"><li data-section-id=\"1xldjdc\" data-start=\"2251\" data-end=\"2306\"><a href=\"https:\/\/www.o2switch.fr\/\" target=\"_blank\" rel=\"noopener\"><span class=\"hover:entity-accent entity-underline inline cursor-pointer align-baseline\"><span class=\"whitespace-normal\">o2switch<\/span><\/span><\/a> (h\u00e9bergement)<\/li><li data-section-id=\"1ljhgjm\" data-start=\"2307\" data-end=\"2360\"><span class=\"hover:entity-accent entity-underline inline cursor-pointer align-baseline\"><span class=\"whitespace-normal\">Google LLC<\/span><\/span> (analytics)<\/li><\/ul>\t\t\t\t\t\t\t\t<\/div>\n\t\t\t\t<div class=\"elementor-element elementor-element-b56c0be elementor-widget elementor-widget-heading\" data-id=\"b56c0be\" data-element_type=\"widget\" data-e-type=\"widget\" data-widget_type=\"heading.default\">\n\t\t\t\t\t<h2 class=\"elementor-heading-title elementor-size-default\">9. S\u00e9curit\u00e9<\/h2>\t\t\t\t<\/div>\n\t\t\t\t<div class=\"elementor-element elementor-element-5b88027 elementor-widget elementor-widget-text-editor\" data-id=\"5b88027\" data-element_type=\"widget\" data-e-type=\"widget\" data-widget_type=\"text-editor.default\">\n\t\t\t\t\t\t\t\t\t<p data-start=\"2384\" data-end=\"2484\">THE DZ FACTORY met en \u0153uvre des mesures de s\u00e9curit\u00e9 adapt\u00e9es pour prot\u00e9ger les donn\u00e9es personnelles.<\/p>\t\t\t\t\t\t\t\t<\/div>\n\t\t\t\t<div class=\"elementor-element elementor-element-3eaa0bd elementor-widget elementor-widget-heading\" data-id=\"3eaa0bd\" data-element_type=\"widget\" data-e-type=\"widget\" data-widget_type=\"heading.default\">\n\t\t\t\t\t<h2 class=\"elementor-heading-title elementor-size-default\">10. Droits des utilisateurs<\/h2>\t\t\t\t<\/div>\n\t\t\t\t<div class=\"elementor-element elementor-element-946f9bf elementor-widget elementor-widget-text-editor\" data-id=\"946f9bf\" data-element_type=\"widget\" data-e-type=\"widget\" data-widget_type=\"text-editor.default\">\n\t\t\t\t\t\t\t\t\t<p data-start=\"2524\" data-end=\"2563\">Conform\u00e9ment au RGPD, vous disposez :<\/p><ul data-start=\"2565\" data-end=\"2682\"><li data-section-id=\"1v4i4nf\" data-start=\"2565\" data-end=\"2582\">droit d\u2019acc\u00e8s<\/li><li data-section-id=\"xanhyt\" data-start=\"2583\" data-end=\"2609\">droit de rectification<\/li><li data-section-id=\"righvl\" data-start=\"2610\" data-end=\"2632\">droit d\u2019effacement<\/li><li data-section-id=\"wuv2l3\" data-start=\"2633\" data-end=\"2655\">droit d\u2019opposition<\/li><li data-section-id=\"1wy5w2y\" data-start=\"2656\" data-end=\"2682\">droit \u00e0 la portabilit\u00e9<\/li><\/ul><p data-start=\"2452\" data-end=\"2527\">\ud83d\udce7 <a href=\"mailto:contact@thedzfactory.com\">contact@thedzfactory.com<\/a><\/p>\t\t\t\t\t\t\t\t<\/div>\n\t\t\t\t<div class=\"elementor-element elementor-element-9e242b6 elementor-widget elementor-widget-heading\" data-id=\"9e242b6\" data-element_type=\"widget\" data-e-type=\"widget\" data-widget_type=\"heading.default\">\n\t\t\t\t\t<h2 class=\"elementor-heading-title elementor-size-default\">11. Cookies<\/h2>\t\t\t\t<\/div>\n\t\t\t\t<div class=\"elementor-element elementor-element-3b2a0e1 elementor-widget elementor-widget-text-editor\" data-id=\"3b2a0e1\" data-element_type=\"widget\" data-e-type=\"widget\" data-widget_type=\"text-editor.default\">\n\t\t\t\t\t\t\t\t\t<p data-start=\"2744\" data-end=\"2780\">Le site utilise des cookies pour :<\/p><ul data-start=\"2782\" data-end=\"2851\"><li data-section-id=\"q42qd\" data-start=\"2782\" data-end=\"2810\">fonctionnement technique<\/li><li data-section-id=\"1qwdsxy\" data-start=\"2811\" data-end=\"2851\">mesure d\u2019audience (Google Analytics)<\/li><\/ul><p data-start=\"2853\" data-end=\"2877\">Un bandeau permet de :<\/p><ul data-start=\"2878\" data-end=\"2932\"><li data-section-id=\"xo3of\" data-start=\"2878\" data-end=\"2890\">accepter<\/li><li data-section-id=\"whbbs8\" data-start=\"2891\" data-end=\"2902\">refuser<\/li><li data-section-id=\"jaunwe\" data-start=\"2903\" data-end=\"2932\">personnaliser les cookies<\/li><\/ul>\t\t\t\t\t\t\t\t<\/div>\n\t\t\t\t<div class=\"elementor-element elementor-element-46ea8be elementor-widget elementor-widget-heading\" data-id=\"46ea8be\" data-element_type=\"widget\" data-e-type=\"widget\" data-widget_type=\"heading.default\">\n\t\t\t\t\t<h2 class=\"elementor-heading-title elementor-size-default\">12. Modification<\/h2>\t\t\t\t<\/div>\n\t\t\t\t<div class=\"elementor-element elementor-element-c407e78 elementor-widget elementor-widget-text-editor\" data-id=\"c407e78\" data-element_type=\"widget\" data-e-type=\"widget\" data-widget_type=\"text-editor.default\">\n\t\t\t\t\t\t\t\t\t<p data-start=\"2961\" data-end=\"3020\">THE DZ FACTORY peut modifier cette politique \u00e0 tout moment.<\/p>\t\t\t\t\t\t\t\t<\/div>\n\t\t\t\t<div class=\"elementor-element elementor-element-6496be0 elementor-widget elementor-widget-heading\" data-id=\"6496be0\" data-element_type=\"widget\" data-e-type=\"widget\" data-widget_type=\"heading.default\">\n\t\t\t\t\t<h2 class=\"elementor-heading-title elementor-size-default\">13. Contact<\/h2>\t\t\t\t<\/div>\n\t\t\t\t<div class=\"elementor-element elementor-element-8b38811 elementor-widget elementor-widget-text-editor\" data-id=\"8b38811\" data-element_type=\"widget\" data-e-type=\"widget\" data-widget_type=\"text-editor.default\">\n\t\t\t\t\t\t\t\t\t<p data-start=\"3009\" data-end=\"3078\">Pour toute question relative \u00e0 cette politique de confidentialit\u00e9 :<\/p><p data-start=\"3080\" data-end=\"3106\">\ud83d\udce7 <a href=\"mailto:contact@thedzfactory.com\">contact@thedzfactory.com<\/a><\/p>\t\t\t\t\t\t\t\t<\/div>\n\t\t\t\t\t<\/div>\n\t\t\t\t<\/div>\n\t\t\t\t<\/div>","protected":false},"excerpt":{"rendered":"<p>Politique de confidentialit\u00e9 1. Introduction La pr\u00e9sente politique de confidentialit\u00e9 a pour objectif d\u2019informer les utilisateurs du site https:\/\/thedzfactory.com sur la mani\u00e8re dont leurs donn\u00e9es personnelles sont collect\u00e9es, utilis\u00e9es et prot\u00e9g\u00e9es. THE DZ FACTORY s\u2019engage \u00e0 respecter la r\u00e9glementation en vigueur, notamment le R\u00e8glement G\u00e9n\u00e9ral sur la Protection des Donn\u00e9es (RGPD). 2. Responsable du traitement [&hellip;]<\/p>\n","protected":false},"author":1,"featured_media":0,"parent":0,"menu_order":0,"comment_status":"closed","ping_status":"closed","template":"","meta":{"footnotes":""},"class_list":["post-488","page","type-page","status-publish","hentry"],"yoast_head":"<!-- This site is optimized with the Yoast SEO plugin v27.5 - https:\/\/yoast.com\/product\/yoast-seo-wordpress\/ -->\n<title>Politique de confidentialit\u00e9 - The DZ Factory<\/title>\n<meta name=\"robots\" content=\"index, follow, max-snippet:-1, max-image-preview:large, max-video-preview:-1\" \/>\n<link rel=\"canonical\" href=\"https:\/\/thedzfactory.com\/en\/politique-de-confidentialite-2\/\" \/>\n<meta property=\"og:locale\" content=\"en_GB\" \/>\n<meta property=\"og:type\" content=\"article\" \/>\n<meta property=\"og:title\" content=\"Politique de confidentialit\u00e9 - The DZ Factory\" \/>\n<meta property=\"og:description\" content=\"Politique de confidentialit\u00e9 1. Introduction La pr\u00e9sente politique de confidentialit\u00e9 a pour objectif d\u2019informer les utilisateurs du site https:\/\/thedzfactory.com sur la mani\u00e8re dont leurs donn\u00e9es personnelles sont collect\u00e9es, utilis\u00e9es et prot\u00e9g\u00e9es. THE DZ FACTORY s\u2019engage \u00e0 respecter la r\u00e9glementation en vigueur, notamment le R\u00e8glement G\u00e9n\u00e9ral sur la Protection des Donn\u00e9es (RGPD). 2. Responsable du traitement [&hellip;]\" \/>\n<meta property=\"og:url\" content=\"https:\/\/thedzfactory.com\/en\/politique-de-confidentialite-2\/\" \/>\n<meta property=\"og:site_name\" content=\"The DZ Factory\" \/>\n<meta property=\"article:modified_time\" content=\"2026-04-07T10:11:39+00:00\" \/>\n<meta name=\"twitter:card\" content=\"summary_large_image\" \/>\n<meta name=\"twitter:label1\" content=\"Est. reading time\" \/>\n\t<meta name=\"twitter:data1\" content=\"2 minutes\" \/>\n<script type=\"application\/ld+json\" class=\"yoast-schema-graph\">{\"@context\":\"https:\\\/\\\/schema.org\",\"@graph\":[{\"@type\":\"WebPage\",\"@id\":\"https:\\\/\\\/thedzfactory.com\\\/politique-de-confidentialite-2\\\/\",\"url\":\"https:\\\/\\\/thedzfactory.com\\\/politique-de-confidentialite-2\\\/\",\"name\":\"Politique de confidentialit\u00e9 - The DZ Factory\",\"isPartOf\":{\"@id\":\"https:\\\/\\\/thedzfactory.com\\\/#website\"},\"datePublished\":\"2026-04-07T09:37:16+00:00\",\"dateModified\":\"2026-04-07T10:11:39+00:00\",\"breadcrumb\":{\"@id\":\"https:\\\/\\\/thedzfactory.com\\\/politique-de-confidentialite-2\\\/#breadcrumb\"},\"inLanguage\":\"en-GB\",\"potentialAction\":[{\"@type\":\"ReadAction\",\"target\":[\"https:\\\/\\\/thedzfactory.com\\\/politique-de-confidentialite-2\\\/\"]}]},{\"@type\":\"BreadcrumbList\",\"@id\":\"https:\\\/\\\/thedzfactory.com\\\/politique-de-confidentialite-2\\\/#breadcrumb\",\"itemListElement\":[{\"@type\":\"ListItem\",\"position\":1,\"name\":\"Accueil\",\"item\":\"https:\\\/\\\/thedzfactory.com\\\/\"},{\"@type\":\"ListItem\",\"position\":2,\"name\":\"Politique de confidentialit\u00e9\"}]},{\"@type\":\"WebSite\",\"@id\":\"https:\\\/\\\/thedzfactory.com\\\/#website\",\"url\":\"https:\\\/\\\/thedzfactory.com\\\/\",\"name\":\"The DZ Factory\",\"description\":\"Holding Musicale Ind\u00e9pendante\",\"publisher\":{\"@id\":\"https:\\\/\\\/thedzfactory.com\\\/#organization\"},\"potentialAction\":[{\"@type\":\"SearchAction\",\"target\":{\"@type\":\"EntryPoint\",\"urlTemplate\":\"https:\\\/\\\/thedzfactory.com\\\/?s={search_term_string}\"},\"query-input\":{\"@type\":\"PropertyValueSpecification\",\"valueRequired\":true,\"valueName\":\"search_term_string\"}}],\"inLanguage\":\"en-GB\"},{\"@type\":\"Organization\",\"@id\":\"https:\\\/\\\/thedzfactory.com\\\/#organization\",\"name\":\"The DZ Factory\",\"url\":\"https:\\\/\\\/thedzfactory.com\\\/\",\"logo\":{\"@type\":\"ImageObject\",\"inLanguage\":\"en-GB\",\"@id\":\"https:\\\/\\\/thedzfactory.com\\\/#\\\/schema\\\/logo\\\/image\\\/\",\"url\":\"https:\\\/\\\/thedzfactory.com\\\/wp-content\\\/uploads\\\/2026\\\/04\\\/Container.png\",\"contentUrl\":\"https:\\\/\\\/thedzfactory.com\\\/wp-content\\\/uploads\\\/2026\\\/04\\\/Container.png\",\"width\":534,\"height\":182,\"caption\":\"The DZ Factory\"},\"image\":{\"@id\":\"https:\\\/\\\/thedzfactory.com\\\/#\\\/schema\\\/logo\\\/image\\\/\"}}]}<\/script>\n<!-- \/ Yoast SEO plugin. -->","yoast_head_json":{"title":"Politique de confidentialit\u00e9 - The DZ Factory","robots":{"index":"index","follow":"follow","max-snippet":"max-snippet:-1","max-image-preview":"max-image-preview:large","max-video-preview":"max-video-preview:-1"},"canonical":"https:\/\/thedzfactory.com\/en\/politique-de-confidentialite-2\/","og_locale":"en_GB","og_type":"article","og_title":"Politique de confidentialit\u00e9 - The DZ Factory","og_description":"Politique de confidentialit\u00e9 1. Introduction La pr\u00e9sente politique de confidentialit\u00e9 a pour objectif d\u2019informer les utilisateurs du site https:\/\/thedzfactory.com sur la mani\u00e8re dont leurs donn\u00e9es personnelles sont collect\u00e9es, utilis\u00e9es et prot\u00e9g\u00e9es. THE DZ FACTORY s\u2019engage \u00e0 respecter la r\u00e9glementation en vigueur, notamment le R\u00e8glement G\u00e9n\u00e9ral sur la Protection des Donn\u00e9es (RGPD). 2. Responsable du traitement [&hellip;]","og_url":"https:\/\/thedzfactory.com\/en\/politique-de-confidentialite-2\/","og_site_name":"The DZ Factory","article_modified_time":"2026-04-07T10:11:39+00:00","twitter_card":"summary_large_image","twitter_misc":{"Est. reading time":"2 minutes"},"schema":{"@context":"https:\/\/schema.org","@graph":[{"@type":"WebPage","@id":"https:\/\/thedzfactory.com\/politique-de-confidentialite-2\/","url":"https:\/\/thedzfactory.com\/politique-de-confidentialite-2\/","name":"Politique de confidentialit\u00e9 - The DZ Factory","isPartOf":{"@id":"https:\/\/thedzfactory.com\/#website"},"datePublished":"2026-04-07T09:37:16+00:00","dateModified":"2026-04-07T10:11:39+00:00","breadcrumb":{"@id":"https:\/\/thedzfactory.com\/politique-de-confidentialite-2\/#breadcrumb"},"inLanguage":"en-GB","potentialAction":[{"@type":"ReadAction","target":["https:\/\/thedzfactory.com\/politique-de-confidentialite-2\/"]}]},{"@type":"BreadcrumbList","@id":"https:\/\/thedzfactory.com\/politique-de-confidentialite-2\/#breadcrumb","itemListElement":[{"@type":"ListItem","position":1,"name":"Accueil","item":"https:\/\/thedzfactory.com\/"},{"@type":"ListItem","position":2,"name":"Politique de confidentialit\u00e9"}]},{"@type":"WebSite","@id":"https:\/\/thedzfactory.com\/#website","url":"https:\/\/thedzfactory.com\/","name":"The DZ Factory","description":"Holdind musical ind\u00e9pendant","publisher":{"@id":"https:\/\/thedzfactory.com\/#organization"},"potentialAction":[{"@type":"SearchAction","target":{"@type":"EntryPoint","urlTemplate":"https:\/\/thedzfactory.com\/?s={search_term_string}"},"query-input":{"@type":"PropertyValueSpecification","valueRequired":true,"valueName":"search_term_string"}}],"inLanguage":"en-GB"},{"@type":"Organization","@id":"https:\/\/thedzfactory.com\/#organization","name":"The DZ Factory","url":"https:\/\/thedzfactory.com\/","logo":{"@type":"ImageObject","inLanguage":"en-GB","@id":"https:\/\/thedzfactory.com\/#\/schema\/logo\/image\/","url":"https:\/\/thedzfactory.com\/wp-content\/uploads\/2026\/04\/Container.png","contentUrl":"https:\/\/thedzfactory.com\/wp-content\/uploads\/2026\/04\/Container.png","width":534,"height":182,"caption":"The DZ Factory"},"image":{"@id":"https:\/\/thedzfactory.com\/#\/schema\/logo\/image\/"}}]}},"_links":{"self":[{"href":"https:\/\/thedzfactory.com\/en\/wp-json\/wp\/v2\/pages\/488","targetHints":{"allow":["GET"]}}],"collection":[{"href":"https:\/\/thedzfactory.com\/en\/wp-json\/wp\/v2\/pages"}],"about":[{"href":"https:\/\/thedzfactory.com\/en\/wp-json\/wp\/v2\/types\/page"}],"author":[{"embeddable":true,"href":"https:\/\/thedzfactory.com\/en\/wp-json\/wp\/v2\/users\/1"}],"replies":[{"embeddable":true,"href":"https:\/\/thedzfactory.com\/en\/wp-json\/wp\/v2\/comments?post=488"}],"version-history":[{"count":25,"href":"https:\/\/thedzfactory.com\/en\/wp-json\/wp\/v2\/pages\/488\/revisions"}],"predecessor-version":[{"id":517,"href":"https:\/\/thedzfactory.com\/en\/wp-json\/wp\/v2\/pages\/488\/revisions\/517"}],"wp:attachment":[{"href":"https:\/\/thedzfactory.com\/en\/wp-json\/wp\/v2\/media?parent=488"}],"curies":[{"name":"wp","href":"https:\/\/api.w.org\/{rel}","templated":true}]}}