{"id":465,"date":"2026-04-07T11:19:47","date_gmt":"2026-04-07T09:19:47","guid":{"rendered":"https:\/\/thedzfactory.com\/?page_id=465"},"modified":"2026-04-07T11:36:48","modified_gmt":"2026-04-07T09:36:48","slug":"mentions-legales","status":"publish","type":"page","link":"https:\/\/thedzfactory.com\/en\/mentions-legales\/","title":{"rendered":"Mentions L\u00e9gales"},"content":{"rendered":"<div data-elementor-type=\"wp-page\" data-elementor-id=\"465\" class=\"elementor elementor-465\">\n\t\t\t\t<div class=\"elementor-element elementor-element-a4177bf e-flex e-con-boxed e-con e-parent\" data-id=\"a4177bf\" data-element_type=\"container\" data-e-type=\"container\" data-settings=\"{&quot;background_background&quot;:&quot;classic&quot;}\">\n\t\t\t\t\t<div class=\"e-con-inner\">\n\t\t<div class=\"elementor-element elementor-element-29bd47b e-con-full e-flex e-con e-child\" data-id=\"29bd47b\" data-element_type=\"container\" data-e-type=\"container\">\n\t\t\t\t<div class=\"elementor-element elementor-element-18095e2 elementor-widget elementor-widget-heading\" data-id=\"18095e2\" data-element_type=\"widget\" data-e-type=\"widget\" data-widget_type=\"heading.default\">\n\t\t\t\t\t<h1 class=\"elementor-heading-title elementor-size-default\">Mentions L\u00e9gales<\/h1>\t\t\t\t<\/div>\n\t\t\t\t<div class=\"elementor-element elementor-element-a1849e0 elementor-widget-divider--view-line elementor-widget elementor-widget-divider\" data-id=\"a1849e0\" data-element_type=\"widget\" data-e-type=\"widget\" data-widget_type=\"divider.default\">\n\t\t\t\t\t\t\t<div class=\"elementor-divider\">\n\t\t\t<span class=\"elementor-divider-separator\">\n\t\t\t\t\t\t<\/span>\n\t\t<\/div>\n\t\t\t\t\t\t<\/div>\n\t\t\t\t<\/div>\n\t\t\t\t\t<\/div>\n\t\t\t\t<\/div>\n\t\t<div class=\"elementor-element elementor-element-9404665 e-flex e-con-boxed e-con e-parent\" data-id=\"9404665\" data-element_type=\"container\" data-e-type=\"container\">\n\t\t\t\t\t<div class=\"e-con-inner\">\n\t\t\t\t<div class=\"elementor-element elementor-element-3745fb5 elementor-widget elementor-widget-heading\" data-id=\"3745fb5\" data-element_type=\"widget\" data-e-type=\"widget\" data-widget_type=\"heading.default\">\n\t\t\t\t\t<h2 class=\"elementor-heading-title elementor-size-default\">\u00c9diteur du site<\/h2>\t\t\t\t<\/div>\n\t\t\t\t<div class=\"elementor-element elementor-element-9a2c629 elementor-widget elementor-widget-text-editor\" data-id=\"9a2c629\" data-element_type=\"widget\" data-e-type=\"widget\" data-widget_type=\"text-editor.default\">\n\t\t\t\t\t\t\t\t\t<p data-start=\"2483\" data-end=\"2558\"><strong data-start=\"2483\" data-end=\"2501\">THE DZ FACTORY<\/strong><br data-start=\"2501\" data-end=\"2504\" \/>Soci\u00e9t\u00e9 par actions simplifi\u00e9e unipersonnelle (SASU)<\/p><p data-start=\"2560\" data-end=\"2624\">Si\u00e8ge social :<br data-start=\"2574\" data-end=\"2577\" \/>40 rue Alexandre Dumas<br data-start=\"2599\" data-end=\"2602\" \/>75011 Paris \u2013 France<\/p><p data-start=\"2626\" data-end=\"2694\">SIRET : 892 485 780 00019<br data-start=\"2651\" data-end=\"2654\" \/>TVA intracommunautaire : FR11892485780<\/p><p data-start=\"2696\" data-end=\"2751\">Email : <a href=\"mailto:contact@thedzfactory.com\">contact@thedzfactory.com<\/a><\/p>\t\t\t\t\t\t\t\t<\/div>\n\t\t\t\t<div class=\"elementor-element elementor-element-7a4be5b elementor-widget elementor-widget-heading\" data-id=\"7a4be5b\" data-element_type=\"widget\" data-e-type=\"widget\" data-widget_type=\"heading.default\">\n\t\t\t\t\t<h2 class=\"elementor-heading-title elementor-size-default\">Responsable de la publication<\/h2>\t\t\t\t<\/div>\n\t\t\t\t<div class=\"elementor-element elementor-element-ea6bc36 elementor-widget elementor-widget-text-editor\" data-id=\"ea6bc36\" data-element_type=\"widget\" data-e-type=\"widget\" data-widget_type=\"text-editor.default\">\n\t\t\t\t\t\t\t\t\t<p data-start=\"2483\" data-end=\"2558\"><strong>Didier Zerath<\/strong><br data-start=\"2806\" data-end=\"2809\" \/>Contact : <a href=\"mailto:contact@thedzfactory.com\">contact@thedzfactory.com<\/a><\/p>\t\t\t\t\t\t\t\t<\/div>\n\t\t\t\t<div class=\"elementor-element elementor-element-632fc55 elementor-widget elementor-widget-heading\" data-id=\"632fc55\" data-element_type=\"widget\" data-e-type=\"widget\" data-widget_type=\"heading.default\">\n\t\t\t\t\t<h2 class=\"elementor-heading-title elementor-size-default\">H\u00e9bergeur<\/h2>\t\t\t\t<\/div>\n\t\t\t\t<div class=\"elementor-element elementor-element-17890c8 elementor-widget elementor-widget-text-editor\" data-id=\"17890c8\" data-element_type=\"widget\" data-e-type=\"widget\" data-widget_type=\"text-editor.default\">\n\t\t\t\t\t\t\t\t\t<p data-start=\"182\" data-end=\"209\">Le site est h\u00e9berg\u00e9 par :<\/p><p data-start=\"211\" data-end=\"321\"><span class=\"hover:entity-accent entity-underline inline cursor-pointer align-baseline\"><span class=\"whitespace-normal\">o2switch<\/span><\/span><br data-start=\"248\" data-end=\"251\" \/>222-224 Boulevard Gustave Flaubert<br data-start=\"285\" data-end=\"288\" \/>63000 Clermont-Ferrand \u2013 France<\/p><p data-start=\"323\" data-end=\"373\">SIRET : 510 909 807 00032<br data-start=\"348\" data-end=\"351\" \/>RCS Clermont-Ferrand<\/p><p data-start=\"375\" data-end=\"411\">Site web : <a class=\"decorated-link\" href=\"https:\/\/www.o2switch.fr\" target=\"_new\" rel=\"noopener\" data-start=\"386\" data-end=\"409\">https:\/\/www.o2switch.fr<\/a><\/p>\t\t\t\t\t\t\t\t<\/div>\n\t\t\t\t<div class=\"elementor-element elementor-element-d321cb8 elementor-widget elementor-widget-heading\" data-id=\"d321cb8\" data-element_type=\"widget\" data-e-type=\"widget\" data-widget_type=\"heading.default\">\n\t\t\t\t\t<h2 class=\"elementor-heading-title elementor-size-default\">Propri\u00e9t\u00e9 intellectuelle<\/h2>\t\t\t\t<\/div>\n\t\t\t\t<div class=\"elementor-element elementor-element-e02c4e5 elementor-widget elementor-widget-text-editor\" data-id=\"e02c4e5\" data-element_type=\"widget\" data-e-type=\"widget\" data-widget_type=\"text-editor.default\">\n\t\t\t\t\t\t\t\t\t<p data-start=\"3036\" data-end=\"3231\">Le pr\u00e9sent site et l\u2019ensemble de son contenu (textes, images, graphismes, logo, ic\u00f4nes, sons, logiciels, etc.) sont prot\u00e9g\u00e9s par le droit d\u2019auteur et par les droits de propri\u00e9t\u00e9 intellectuelle.<\/p><p data-start=\"3233\" data-end=\"3318\">Sauf mention contraire, ces \u00e9l\u00e9ments sont la propri\u00e9t\u00e9 exclusive de THE DZ FACTORY.<\/p><p data-start=\"3320\" data-end=\"3484\">Toute reproduction, repr\u00e9sentation, modification, publication, adaptation de tout ou partie des \u00e9l\u00e9ments du site est interdite sans autorisation \u00e9crite pr\u00e9alable.<\/p>\t\t\t\t\t\t\t\t<\/div>\n\t\t\t\t<div class=\"elementor-element elementor-element-0fab2b8 elementor-widget elementor-widget-heading\" data-id=\"0fab2b8\" data-element_type=\"widget\" data-e-type=\"widget\" data-widget_type=\"heading.default\">\n\t\t\t\t\t<h2 class=\"elementor-heading-title elementor-size-default\">Responsabilit\u00e9<\/h2>\t\t\t\t<\/div>\n\t\t\t\t<div class=\"elementor-element elementor-element-b5fb706 elementor-widget elementor-widget-text-editor\" data-id=\"b5fb706\" data-element_type=\"widget\" data-e-type=\"widget\" data-widget_type=\"text-editor.default\">\n\t\t\t\t\t\t\t\t\t<p data-start=\"3036\" data-end=\"3231\">THE DZ FACTORY s\u2019efforce d\u2019assurer l\u2019exactitude des informations diffus\u00e9es sur le site.<br data-start=\"3598\" data-end=\"3601\" \/>Cependant, elle ne saurait \u00eatre tenue responsable des erreurs, omissions ou indisponibilit\u00e9s.<\/p>\t\t\t\t\t\t\t\t<\/div>\n\t\t\t\t<div class=\"elementor-element elementor-element-2ee866f elementor-widget elementor-widget-heading\" data-id=\"2ee866f\" data-element_type=\"widget\" data-e-type=\"widget\" data-widget_type=\"heading.default\">\n\t\t\t\t\t<h2 class=\"elementor-heading-title elementor-size-default\">Cookies<\/h2>\t\t\t\t<\/div>\n\t\t\t\t<div class=\"elementor-element elementor-element-2731892 elementor-widget elementor-widget-text-editor\" data-id=\"2731892\" data-element_type=\"widget\" data-e-type=\"widget\" data-widget_type=\"text-editor.default\">\n\t\t\t\t\t\t\t\t\t<p data-start=\"3618\" data-end=\"3736\">Lors de votre visite sur le site, des cookies peuvent \u00eatre d\u00e9pos\u00e9s sur votre terminal.<br data-start=\"3704\" data-end=\"3707\" \/>Ces cookies ont pour but de :<\/p><ul data-start=\"3737\" data-end=\"3863\"><li data-start=\"3737\" data-end=\"3765\"><p data-start=\"3739\" data-end=\"3765\">faciliter la navigation,<\/p><\/li><li data-start=\"3766\" data-end=\"3827\"><p data-start=\"3768\" data-end=\"3827\">mesurer la fr\u00e9quentation du site (statistiques anonymes),<\/p><\/li><li data-start=\"3828\" data-end=\"3863\"><p data-start=\"3830\" data-end=\"3863\">personnaliser le contenu affich\u00e9.<\/p><\/li><\/ul><p data-start=\"3865\" data-end=\"4061\">Vous pouvez \u00e0 tout moment\u00a0<strong data-start=\"3891\" data-end=\"3942\">accepter, refuser ou param\u00e9trer vos pr\u00e9f\u00e9rences<\/strong>\u00a0via le bandeau de gestion des cookies affich\u00e9 lors de votre premi\u00e8re visite ou via les param\u00e8tres de votre navigateur.<\/p>\t\t\t\t\t\t\t\t<\/div>\n\t\t\t\t<div class=\"elementor-element elementor-element-470aa02 elementor-widget elementor-widget-heading\" data-id=\"470aa02\" data-element_type=\"widget\" data-e-type=\"widget\" data-widget_type=\"heading.default\">\n\t\t\t\t\t<h2 class=\"elementor-heading-title elementor-size-default\">Droit applicable<\/h2>\t\t\t\t<\/div>\n\t\t\t\t<div class=\"elementor-element elementor-element-a129f55 elementor-widget elementor-widget-text-editor\" data-id=\"a129f55\" data-element_type=\"widget\" data-e-type=\"widget\" data-widget_type=\"text-editor.default\">\n\t\t\t\t\t\t\t\t\t<p data-start=\"3800\" data-end=\"3849\">Le pr\u00e9sent site est r\u00e9gi par le droit fran\u00e7ais.<\/p>\t\t\t\t\t\t\t\t<\/div>\n\t\t\t\t<div class=\"elementor-element elementor-element-b56c0be elementor-widget elementor-widget-heading\" data-id=\"b56c0be\" data-element_type=\"widget\" data-e-type=\"widget\" data-widget_type=\"heading.default\">\n\t\t\t\t\t<h2 class=\"elementor-heading-title elementor-size-default\">Derni\u00e8re mise \u00e0 jour<\/h2>\t\t\t\t<\/div>\n\t\t\t\t<div class=\"elementor-element elementor-element-5b88027 elementor-widget elementor-widget-text-editor\" data-id=\"5b88027\" data-element_type=\"widget\" data-e-type=\"widget\" data-widget_type=\"text-editor.default\">\n\t\t\t\t\t\t\t\t\t<p data-start=\"3800\" data-end=\"3849\">Ces mentions l\u00e9gales ont \u00e9t\u00e9 mises \u00e0 jour le 07 Avril 2026.<\/p>\t\t\t\t\t\t\t\t<\/div>\n\t\t\t\t\t<\/div>\n\t\t\t\t<\/div>\n\t\t\t\t<\/div>","protected":false},"excerpt":{"rendered":"<p>Mentions L\u00e9gales \u00c9diteur du site THE DZ FACTORYSoci\u00e9t\u00e9 par actions simplifi\u00e9e unipersonnelle (SASU) Si\u00e8ge social :40 rue Alexandre Dumas75011 Paris \u2013 France SIRET : 892 485 780 00019TVA intracommunautaire : FR11892485780 Email : contact@thedzfactory.com Responsable de la publication Didier ZerathContact : contact@thedzfactory.com H\u00e9bergeur Le site est h\u00e9berg\u00e9 par : o2switch222-224 Boulevard Gustave Flaubert63000 Clermont-Ferrand \u2013 [&hellip;]<\/p>\n","protected":false},"author":1,"featured_media":0,"parent":0,"menu_order":0,"comment_status":"closed","ping_status":"closed","template":"","meta":{"footnotes":""},"class_list":["post-465","page","type-page","status-publish","hentry"],"yoast_head":"<!-- This site is optimized with the Yoast SEO plugin v27.5 - https:\/\/yoast.com\/product\/yoast-seo-wordpress\/ -->\n<title>Mentions L\u00e9gales - The DZ Factory<\/title>\n<meta name=\"robots\" content=\"index, follow, max-snippet:-1, max-image-preview:large, max-video-preview:-1\" \/>\n<link rel=\"canonical\" href=\"https:\/\/thedzfactory.com\/en\/mentions-legales\/\" \/>\n<meta property=\"og:locale\" content=\"en_GB\" \/>\n<meta property=\"og:type\" content=\"article\" \/>\n<meta property=\"og:title\" content=\"Mentions L\u00e9gales - The DZ Factory\" \/>\n<meta property=\"og:description\" content=\"Mentions L\u00e9gales \u00c9diteur du site THE DZ FACTORYSoci\u00e9t\u00e9 par actions simplifi\u00e9e unipersonnelle (SASU) Si\u00e8ge social :40 rue Alexandre Dumas75011 Paris \u2013 France SIRET : 892 485 780 00019TVA intracommunautaire : FR11892485780 Email : contact@thedzfactory.com Responsable de la publication Didier ZerathContact : contact@thedzfactory.com H\u00e9bergeur Le site est h\u00e9berg\u00e9 par : o2switch222-224 Boulevard Gustave Flaubert63000 Clermont-Ferrand \u2013 [&hellip;]\" \/>\n<meta property=\"og:url\" content=\"https:\/\/thedzfactory.com\/en\/mentions-legales\/\" \/>\n<meta property=\"og:site_name\" content=\"The DZ Factory\" \/>\n<meta property=\"article:modified_time\" content=\"2026-04-07T09:36:48+00:00\" \/>\n<meta name=\"twitter:card\" content=\"summary_large_image\" \/>\n<meta name=\"twitter:label1\" content=\"Est. reading time\" \/>\n\t<meta name=\"twitter:data1\" content=\"2 minutes\" \/>\n<script type=\"application\/ld+json\" class=\"yoast-schema-graph\">{\"@context\":\"https:\\\/\\\/schema.org\",\"@graph\":[{\"@type\":\"WebPage\",\"@id\":\"https:\\\/\\\/thedzfactory.com\\\/mentions-legales\\\/\",\"url\":\"https:\\\/\\\/thedzfactory.com\\\/mentions-legales\\\/\",\"name\":\"Mentions L\u00e9gales - The DZ Factory\",\"isPartOf\":{\"@id\":\"https:\\\/\\\/thedzfactory.com\\\/#website\"},\"datePublished\":\"2026-04-07T09:19:47+00:00\",\"dateModified\":\"2026-04-07T09:36:48+00:00\",\"breadcrumb\":{\"@id\":\"https:\\\/\\\/thedzfactory.com\\\/mentions-legales\\\/#breadcrumb\"},\"inLanguage\":\"en-GB\",\"potentialAction\":[{\"@type\":\"ReadAction\",\"target\":[\"https:\\\/\\\/thedzfactory.com\\\/mentions-legales\\\/\"]}]},{\"@type\":\"BreadcrumbList\",\"@id\":\"https:\\\/\\\/thedzfactory.com\\\/mentions-legales\\\/#breadcrumb\",\"itemListElement\":[{\"@type\":\"ListItem\",\"position\":1,\"name\":\"Accueil\",\"item\":\"https:\\\/\\\/thedzfactory.com\\\/\"},{\"@type\":\"ListItem\",\"position\":2,\"name\":\"Mentions L\u00e9gales\"}]},{\"@type\":\"WebSite\",\"@id\":\"https:\\\/\\\/thedzfactory.com\\\/#website\",\"url\":\"https:\\\/\\\/thedzfactory.com\\\/\",\"name\":\"The DZ Factory\",\"description\":\"Holding Musicale Ind\u00e9pendante\",\"publisher\":{\"@id\":\"https:\\\/\\\/thedzfactory.com\\\/#organization\"},\"potentialAction\":[{\"@type\":\"SearchAction\",\"target\":{\"@type\":\"EntryPoint\",\"urlTemplate\":\"https:\\\/\\\/thedzfactory.com\\\/?s={search_term_string}\"},\"query-input\":{\"@type\":\"PropertyValueSpecification\",\"valueRequired\":true,\"valueName\":\"search_term_string\"}}],\"inLanguage\":\"en-GB\"},{\"@type\":\"Organization\",\"@id\":\"https:\\\/\\\/thedzfactory.com\\\/#organization\",\"name\":\"The DZ Factory\",\"url\":\"https:\\\/\\\/thedzfactory.com\\\/\",\"logo\":{\"@type\":\"ImageObject\",\"inLanguage\":\"en-GB\",\"@id\":\"https:\\\/\\\/thedzfactory.com\\\/#\\\/schema\\\/logo\\\/image\\\/\",\"url\":\"https:\\\/\\\/thedzfactory.com\\\/wp-content\\\/uploads\\\/2026\\\/04\\\/Container.png\",\"contentUrl\":\"https:\\\/\\\/thedzfactory.com\\\/wp-content\\\/uploads\\\/2026\\\/04\\\/Container.png\",\"width\":534,\"height\":182,\"caption\":\"The DZ Factory\"},\"image\":{\"@id\":\"https:\\\/\\\/thedzfactory.com\\\/#\\\/schema\\\/logo\\\/image\\\/\"}}]}<\/script>\n<!-- \/ Yoast SEO plugin. -->","yoast_head_json":{"title":"Mentions L\u00e9gales - The DZ Factory","robots":{"index":"index","follow":"follow","max-snippet":"max-snippet:-1","max-image-preview":"max-image-preview:large","max-video-preview":"max-video-preview:-1"},"canonical":"https:\/\/thedzfactory.com\/en\/mentions-legales\/","og_locale":"en_GB","og_type":"article","og_title":"Mentions L\u00e9gales - The DZ Factory","og_description":"Mentions L\u00e9gales \u00c9diteur du site THE DZ FACTORYSoci\u00e9t\u00e9 par actions simplifi\u00e9e unipersonnelle (SASU) Si\u00e8ge social :40 rue Alexandre Dumas75011 Paris \u2013 France SIRET : 892 485 780 00019TVA intracommunautaire : FR11892485780 Email : contact@thedzfactory.com Responsable de la publication Didier ZerathContact : contact@thedzfactory.com H\u00e9bergeur Le site est h\u00e9berg\u00e9 par : o2switch222-224 Boulevard Gustave Flaubert63000 Clermont-Ferrand \u2013 [&hellip;]","og_url":"https:\/\/thedzfactory.com\/en\/mentions-legales\/","og_site_name":"The DZ Factory","article_modified_time":"2026-04-07T09:36:48+00:00","twitter_card":"summary_large_image","twitter_misc":{"Est. reading time":"2 minutes"},"schema":{"@context":"https:\/\/schema.org","@graph":[{"@type":"WebPage","@id":"https:\/\/thedzfactory.com\/mentions-legales\/","url":"https:\/\/thedzfactory.com\/mentions-legales\/","name":"Mentions L\u00e9gales - The DZ Factory","isPartOf":{"@id":"https:\/\/thedzfactory.com\/#website"},"datePublished":"2026-04-07T09:19:47+00:00","dateModified":"2026-04-07T09:36:48+00:00","breadcrumb":{"@id":"https:\/\/thedzfactory.com\/mentions-legales\/#breadcrumb"},"inLanguage":"en-GB","potentialAction":[{"@type":"ReadAction","target":["https:\/\/thedzfactory.com\/mentions-legales\/"]}]},{"@type":"BreadcrumbList","@id":"https:\/\/thedzfactory.com\/mentions-legales\/#breadcrumb","itemListElement":[{"@type":"ListItem","position":1,"name":"Accueil","item":"https:\/\/thedzfactory.com\/"},{"@type":"ListItem","position":2,"name":"Mentions L\u00e9gales"}]},{"@type":"WebSite","@id":"https:\/\/thedzfactory.com\/#website","url":"https:\/\/thedzfactory.com\/","name":"The DZ Factory","description":"Holdind musical ind\u00e9pendant","publisher":{"@id":"https:\/\/thedzfactory.com\/#organization"},"potentialAction":[{"@type":"SearchAction","target":{"@type":"EntryPoint","urlTemplate":"https:\/\/thedzfactory.com\/?s={search_term_string}"},"query-input":{"@type":"PropertyValueSpecification","valueRequired":true,"valueName":"search_term_string"}}],"inLanguage":"en-GB"},{"@type":"Organization","@id":"https:\/\/thedzfactory.com\/#organization","name":"The DZ Factory","url":"https:\/\/thedzfactory.com\/","logo":{"@type":"ImageObject","inLanguage":"en-GB","@id":"https:\/\/thedzfactory.com\/#\/schema\/logo\/image\/","url":"https:\/\/thedzfactory.com\/wp-content\/uploads\/2026\/04\/Container.png","contentUrl":"https:\/\/thedzfactory.com\/wp-content\/uploads\/2026\/04\/Container.png","width":534,"height":182,"caption":"The DZ Factory"},"image":{"@id":"https:\/\/thedzfactory.com\/#\/schema\/logo\/image\/"}}]}},"_links":{"self":[{"href":"https:\/\/thedzfactory.com\/en\/wp-json\/wp\/v2\/pages\/465","targetHints":{"allow":["GET"]}}],"collection":[{"href":"https:\/\/thedzfactory.com\/en\/wp-json\/wp\/v2\/pages"}],"about":[{"href":"https:\/\/thedzfactory.com\/en\/wp-json\/wp\/v2\/types\/page"}],"author":[{"embeddable":true,"href":"https:\/\/thedzfactory.com\/en\/wp-json\/wp\/v2\/users\/1"}],"replies":[{"embeddable":true,"href":"https:\/\/thedzfactory.com\/en\/wp-json\/wp\/v2\/comments?post=465"}],"version-history":[{"count":19,"href":"https:\/\/thedzfactory.com\/en\/wp-json\/wp\/v2\/pages\/465\/revisions"}],"predecessor-version":[{"id":487,"href":"https:\/\/thedzfactory.com\/en\/wp-json\/wp\/v2\/pages\/465\/revisions\/487"}],"wp:attachment":[{"href":"https:\/\/thedzfactory.com\/en\/wp-json\/wp\/v2\/media?parent=465"}],"curies":[{"name":"wp","href":"https:\/\/api.w.org\/{rel}","templated":true}]}}